{"id":61,"date":"2024-01-24T13:27:51","date_gmt":"2024-01-24T13:27:51","guid":{"rendered":"\/?post_type=product&#038;p=61"},"modified":"2024-12-06T18:58:42","modified_gmt":"2024-12-06T18:58:42","slug":"kitchen-torch","status":"publish","type":"product","link":"\/?product=kitchen-torch","title":{"rendered":"SUYEPER Butane Torch, Kitchen Torch Cooking Torch For Cooking, BBQ, Baking, Brulee, Creme, DIY Soldering(Butane Not Included)"},"content":{"rendered":"<p>SUYEPER Butane Torch, Kitchen Torch Cooking Torch For Cooking, BBQ, Baking, Brulee, Creme, DIY Soldering(Butane Not Included)<\/p>\n<p><img fetchpriority=\"high\" class=\"size-full wp-image-64 aligncenter\" src=\"\/wp-content\/uploads\/2024\/03\/\u573a\u666f3.jpg\" alt=\"\" width=\"1000\" height=\"1000\" srcset=\"\/wp-content\/uploads\/2024\/03\/\u573a\u666f3.jpg 1000w, \/wp-content\/uploads\/2024\/03\/\u573a\u666f3-300x300.jpg 300w, \/wp-content\/uploads\/2024\/03\/\u573a\u666f3-150x150.jpg 150w, \/wp-content\/uploads\/2024\/03\/\u573a\u666f3-768x768.jpg 768w, \/wp-content\/uploads\/2024\/03\/\u573a\u666f3-600x600.jpg 600w, \/wp-content\/uploads\/2024\/03\/\u573a\u666f3-100x100.jpg 100w\" sizes=\"(max-width: 1000px) 100vw, 1000px\" \/><\/p>\n<table style=\"height: 89px;\" width=\"1032\">\n<tbody>\n<tr>\n<td width=\"203\">Versatile Cooking Tool: Ideal for a range of culinary applications, this butane torch is a must-have for any kitchen. It&#8217;s perfect for caramelizing sugar atop cr\u00e8me br\u00fbl\u00e9e, roasting bell peppers, melting cheese, and much more. Moreover, it&#8217;s not just confined to the kitchen \u2013 use it for BBQs or to add a finishing touch to your dishes at the table.<\/td>\n<\/tr>\n<\/tbody>\n<\/table>\n<p><img class=\"size-full wp-image-63 aligncenter\" src=\"\/wp-content\/uploads\/2024\/03\/\u573a\u666f2.jpg\" alt=\"\" width=\"1000\" height=\"1000\" srcset=\"\/wp-content\/uploads\/2024\/03\/\u573a\u666f2.jpg 1000w, \/wp-content\/uploads\/2024\/03\/\u573a\u666f2-300x300.jpg 300w, \/wp-content\/uploads\/2024\/03\/\u573a\u666f2-150x150.jpg 150w, \/wp-content\/uploads\/2024\/03\/\u573a\u666f2-768x768.jpg 768w, \/wp-content\/uploads\/2024\/03\/\u573a\u666f2-600x600.jpg 600w, \/wp-content\/uploads\/2024\/03\/\u573a\u666f2-100x100.jpg 100w\" sizes=\"(max-width: 1000px) 100vw, 1000px\" \/><\/p>\n<p>&nbsp;<\/p>\n<table width=\"213\">\n<tbody>\n<tr>\n<td width=\"213\">Adjustable Flame Control: With an easy-to-use adjustable flame control, this kitchen torch allows for precise operation. You can alter the intensity of the flame according to your needs, whether you are searing a steak or creating delicate sugar work.<\/p>\n<p>Safety Lock &amp; Continuous Flame Mode: Designed with safety in mind, the torch includes a safety lock to prevent accidental ignition. Additionally, for extended use, it features a continuous flame mode, keeping the flame lit without needing to hold down the trigger.<\/td>\n<\/tr>\n<\/tbody>\n<\/table>\n<p><img class=\"size-full wp-image-62 aligncenter\" src=\"\/wp-content\/uploads\/2024\/03\/\u573a\u666f1.jpg\" alt=\"\" width=\"1000\" height=\"1000\" srcset=\"\/wp-content\/uploads\/2024\/03\/\u573a\u666f1.jpg 1000w, \/wp-content\/uploads\/2024\/03\/\u573a\u666f1-300x300.jpg 300w, \/wp-content\/uploads\/2024\/03\/\u573a\u666f1-150x150.jpg 150w, \/wp-content\/uploads\/2024\/03\/\u573a\u666f1-768x768.jpg 768w, \/wp-content\/uploads\/2024\/03\/\u573a\u666f1-600x600.jpg 600w, \/wp-content\/uploads\/2024\/03\/\u573a\u666f1-100x100.jpg 100w\" sizes=\"(max-width: 1000px) 100vw, 1000px\" \/><\/p>\n","protected":false},"excerpt":{"rendered":"<table width=\"213\">\n<tbody>\n<tr>\n<td width=\"213\">Adjustable Flame Control: With an easy-to-use adjustable flame control, this kitchen torch allows for precise operation. You can alter the intensity of the flame according to your needs, whether you are searing a steak or creating delicate sugar work.<\/td>\n<\/tr>\n<\/tbody>\n<\/table>\n","protected":false},"featured_media":65,"comment_status":"open","ping_status":"closed","template":"","meta":{"site-sidebar-layout":"default","site-content-layout":"default","ast-global-header-display":"","ast-main-header-display":"","ast-hfb-above-header-display":"","ast-hfb-below-header-display":"","ast-hfb-mobile-header-display":"","site-post-title":"","ast-breadcrumbs-content":"","ast-featured-img":"","footer-sml-layout":"","theme-transparent-header-meta":"default","adv-header-id-meta":"","stick-header-meta":"","header-above-stick-meta":"","header-main-stick-meta":"","header-below-stick-meta":""},"product_cat":[19],"product_tag":[],"_links":{"self":[{"href":"\/index.php?rest_route=\/wp\/v2\/product\/61"}],"collection":[{"href":"\/index.php?rest_route=\/wp\/v2\/product"}],"about":[{"href":"\/index.php?rest_route=\/wp\/v2\/types\/product"}],"replies":[{"embeddable":true,"href":"\/index.php?rest_route=%2Fwp%2Fv2%2Fcomments&post=61"}],"wp:featuredmedia":[{"embeddable":true,"href":"\/index.php?rest_route=\/wp\/v2\/media\/65"}],"wp:attachment":[{"href":"\/index.php?rest_route=%2Fwp%2Fv2%2Fmedia&parent=61"}],"wp:term":[{"taxonomy":"product_cat","embeddable":true,"href":"\/index.php?rest_route=%2Fwp%2Fv2%2Fproduct_cat&post=61"},{"taxonomy":"product_tag","embeddable":true,"href":"\/index.php?rest_route=%2Fwp%2Fv2%2Fproduct_tag&post=61"}],"curies":[{"name":"wp","href":"https:\/\/api.w.org\/{rel}","templated":true}]}}